{"id":226,"date":"2020-09-08T03:28:19","date_gmt":"2020-09-08T03:28:19","guid":{"rendered":"https:\/\/www.mynextjob.ro\/blog\/?page_id=226"},"modified":"2020-10-11T02:57:53","modified_gmt":"2020-10-11T02:57:53","slug":"despre-noi","status":"publish","type":"page","link":"https:\/\/www.mynextjob.ro\/blog\/despre-noi\/","title":{"rendered":"DESPRE NOI"},"content":{"rendered":"\n<section class=\"wp-block-themeisle-blocks-advanced-columns alignfull has-2-columns has-desktop-equal-layout has-tablet-equal-layout has-mobile-collapsedRows-layout has-nogap-gap has-vertical-center\" id=\"wp-block-themeisle-blocks-advanced-columns-7cc54f9e\"><div class=\"wp-block-themeisle-blocks-advanced-columns-overlay\"><\/div><div class=\"innerblocks-wrap\">\n<div class=\"wp-block-themeisle-blocks-advanced-column\" id=\"wp-block-themeisle-blocks-advanced-column-033c131e\">\n<div id=\"wp-block-themeisle-blocks-advanced-heading-a18fbb09\" class=\"wp-block-themeisle-blocks-advanced-heading wp-block-themeisle-blocks-advanced-heading-a18fbb09\"><br><br>mynextjob rom\u00e2nia<\/div>\n\n\n\n<h2 id=\"wp-block-themeisle-blocks-advanced-heading-825b943e\" class=\"wp-block-themeisle-blocks-advanced-heading wp-block-themeisle-blocks-advanced-heading-825b943e\">Cel mai complet portal de joburi din Rom\u00e2nia \u0219i Str\u0103in\u0103tate<\/h2>\n\n\n\n<div style=\"height:47px\" aria-hidden=\"true\" class=\"wp-block-spacer\"><\/div>\n\n\n\n<blockquote class=\"wp-block-quote\"><p><strong>Un nou fenomen pe pia\u021ba muncii din Rom\u00e2nia a \u00eenceput s\u0103 ia amploare. MyNextJob \u00ee\u0219i propune s\u0103 devin\u0103 prima alegere a companiilor din Rom\u00e2nia \u00een c\u0103utare de angaja\u021bi de top. <\/strong><\/p><\/blockquote>\n\n\n\n<div class=\"wp-block-buttons\">\n<div class=\"wp-block-button\"><a class=\"wp-block-button__link\"><\/a><\/div>\n<\/div>\n<\/div>\n\n\n\n<div class=\"wp-block-themeisle-blocks-advanced-column\" id=\"wp-block-themeisle-blocks-advanced-column-16c1570e\">\n<figure class=\"wp-block-image size-large\"><img loading=\"lazy\" width=\"800\" height=\"534\" src=\"https:\/\/www.mynextjob.ro\/blog\/wp-content\/uploads\/2020\/09\/Untitled-design.png\" alt=\"\" class=\"wp-image-235\" srcset=\"https:\/\/www.mynextjob.ro\/blog\/wp-content\/uploads\/2020\/09\/Untitled-design.png 800w, https:\/\/www.mynextjob.ro\/blog\/wp-content\/uploads\/2020\/09\/Untitled-design-300x200.png 300w, https:\/\/www.mynextjob.ro\/blog\/wp-content\/uploads\/2020\/09\/Untitled-design-768x513.png 768w, https:\/\/www.mynextjob.ro\/blog\/wp-content\/uploads\/2020\/09\/Untitled-design-360x240.png 360w\" sizes=\"(max-width: 800px) 100vw, 800px\" \/><figcaption>MyNextJob Rom\u00e2nia&nbsp;<\/figcaption><\/figure>\n<\/div>\n<\/div><\/section>\n\n\n\n<section class=\"wp-block-themeisle-blocks-advanced-columns alignfull has-2-columns has-desktop-equal-layout has-tablet-equal-layout has-mobile-collapsedRows-layout has-nogap-gap has-vertical-flex-start\" id=\"wp-block-themeisle-blocks-advanced-columns-377a5a61\"><div class=\"wp-block-themeisle-blocks-advanced-columns-overlay\"><\/div><div class=\"innerblocks-wrap\">\n<div class=\"wp-block-themeisle-blocks-advanced-column\" id=\"wp-block-themeisle-blocks-advanced-column-44aed323\">\n<h3 class=\"has-text-align-left\">Ce ofer\u0103 MyNextJob firmelor din Rom\u00e2nia \u0219i din Str\u0103in\u0103tate<\/h3>\n\n\n\n<p>Platforma MyNextJob a dorit sa fie mai mult dec\u00e2t un alt site de joburi sau angaj\u0103ri. Ca rezultat, a fost creat\u0103 o unealt\u0103 eficient\u0103 \u00een procesul de recrutare, atat pentru firmele mici si mijlocii, cat \u0219i pentru marile corpora\u021bii de talie na\u021bional\u0103 \u0219i interna\u021bional\u0103.<\/p>\n\n\n\n<p>Fondatorii platformei au o experien\u021b\u0103 impresionant\u0103 \u00een domeniul recrut\u0103rii. Astfel, produsul final reprezint\u0103 mai mult dec\u00e2t un website de anun\u021buri. MNJ este \u0219i un sistem de management al aplican\u021bilor pentru care companiile de regul\u0103 pl\u0103tesc suplimentar. Practic, post\u00e2nd un anun\u021b de angajare pe MyNextJob beneficiezi gratuit de sistemul integrat de applicant tracking. Departamentul t\u0103u de resurse umane va putea gestiona procesul de angajare simplu \u0219i eficient.<\/p>\n\n\n\n<p>Spre deosebire de competitorii no\u0219trii, sistemul de filtrare al candida\u021bilor \u00ee\u021bi va asigura op\u021biuni \u0219i sugestii de aplican\u021bi cu skill-uri \u0219i experien\u021b\u0103 potrivite companiei tale. Mai mult dec\u00e2t at\u00e2t, MyNextJob \u00een\u021belege c\u0103 pot ap\u0103rea&nbsp; momente \u00een activitatea firmei tale \u00een care nu po\u021bi a\u0219tepta candidatul perfect \u00eentr-o campanie de recrutare. Pentru asta po\u021bi folosi filtrele platformei pentru a contacta \u0219i intervieva&nbsp; imediat, candida\u021bi ai c\u0103ror cv-uri se potrivesc cerientelor tale. Acest feature \u00ee\u021bi permite \u0219i recrutare de tip headhunting f\u0103r\u0103 a mai apela la firme de specialitate unde cosutrile sunt prohibitive.<\/p>\n\n\n\n<h3 class=\"has-text-align-left\" style=\"font-size:22px\">MyNextJob \u00eei pune pe Rom\u00e2ni \u00een valoare<\/h3>\n\n\n\n<p>MyNextJob nu a pierdut nici un moment din vedere nevoile candida\u021bilor. Pentru ei au creat un sistem simplu de \u00eenc\u0103rcare a cv-ului de pe alte platforme \u0219i transformarea lui, automat, \u00een format MNJ. Mai mult dec\u00e2t, at\u00e2t echipa MyNextJob \u0219tie c\u0103 \u00eentr-o pia\u021b\u0103 acerb\u0103 fiecare candidat trebuie s\u0103 se pun\u0103 \u00een valoare prin diplome, skill-uri \u0219i recomand\u0103ri. Acest feature valideaz\u0103 \u0219i completeaz\u0103 informa\u021bia din CV \u00een fa\u021ba angajatorilor.<\/p>\n<\/div>\n\n\n\n<div class=\"wp-block-themeisle-blocks-advanced-column\" id=\"wp-block-themeisle-blocks-advanced-column-d4271a31\">\n<p>Este bine \u0219tiut faptul c\u0103 din ce \u00een ce mai mul\u021bi angajatori str\u0103ini au ales Rom\u00e2nia pentru a-\u0219i extinde activitatea. Deopotriv\u0103, din ce \u00een ce mai multe corpora\u021bii interna\u021bionale caut\u0103 candida\u021bi rom\u00e2ni pentru relocare \u00een diferite \u021b\u0103ri. Pentru a face procesul mai simplu, MyNextJob \u00ee\u0219i ajut\u0103 aplicantii cu traducerea automat\u0103 a CV-ului \u00een limba englez\u0103 printru-un tool propriu inedit.<\/p>\n\n\n\n<p>Cu at\u00e2t de multe func\u021bionalit\u0103\u021bi, \u0219ansele tale de a \u00ee\u021bi g\u0103\u0219i jobul perfect, care s\u0103 te satisfac\u0103 profesional \u0219i financiar, cresc cu fiecare click sau aplicare.<\/p>\n\n\n\n<h3 class=\"has-text-align-left\">Covid, MyNextJob \u0219i pia\u021ba muncii din Rom\u00e2nia \u00een 2020<\/h3>\n\n\n\n<p>MyNextJob \u00een\u021belege&nbsp; nevoile financiare ale companiilor pe timp de criz\u0103 si nu numai. \u00cen calitate de fo\u0219ti consumatori ai serviciilor de anunturi de angajare, MNJ recunoa\u0219te c\u0103 recrutarea poate fi o poavar\u0103 financiar\u0103 pentru o firma mic\u0103 sau mijlocie. Acesta este motivul pentru care costurile unui anun\u021b sunt incredibil de competitive pe pia\u021ba din tara noastr\u0103.<\/p>\n\n\n\n<p>Toat\u0103 Rom\u00e2nia resimte efectele negative ale pandemiei Covid 19. MyNextJob vrea s\u0103 vin\u0103 \u00een sprijinul tuturor firmelor \u0219i aplican\u021bilor cu servicii complet gratuite. Echipa MyNextJob cunoa\u0219te importan\u021ba ajutorului \u00een comunitate. Suntem recunosc\u0103tori at\u00e2t partenerilor de p\u00e2n\u0103 acum c\u00e2t \u0219i celor care ni se vor al\u0103tura familiei MNJ \u00een viitor. Suntem entuziasma\u021bi s\u0103 vedem fenomenul MyNextJob pe pia\u021ba muncii din Rom\u00e2nia \u00een special pentru cultura occidental\u0103 &nbsp;pe care o promov\u0103m.<\/p>\n\n\n\n<p><\/p>\n\n\n\n<h2 id=\"wp-block-themeisle-blocks-advanced-heading-18340e01\" class=\"wp-block-themeisle-blocks-advanced-heading wp-block-themeisle-blocks-advanced-heading-18340e01\"><br>                      V\u0103 a\u0219tept\u0103m alt\u0103turi de noi!<\/h2>\n\n\n\n<h2 id=\"wp-block-themeisle-blocks-advanced-heading-6ba756de\" class=\"wp-block-themeisle-blocks-advanced-heading wp-block-themeisle-blocks-advanced-heading-6ba756de\">                                       Echipa MyNextJob<\/h2>\n<\/div>\n<\/div><\/section>\n\n\n\n<div class=\"wp-block-buttons\"><\/div>\n\n\n\n<p><\/p>\n","protected":false},"excerpt":{"rendered":"mynextjob rom\u00e2nia Cel mai complet portal de joburi din Rom\u00e2nia \u0219i Str\u0103in\u0103tate Un nou fenomen pe pia\u021ba muncii din Rom\u00e2nia a \u00eenceput s\u0103 ia amploare. MyNextJob \u00ee\u0219i propune s\u0103 devin\u0103 prima alegere a companiilor din Rom\u00e2nia \u00een c\u0103utare de angaja\u021bi de top. MyNextJob Rom\u00e2nia&nbsp; Ce ofer\u0103 MyNextJob firmelor din Rom\u00e2nia [...]","protected":false},"author":1,"featured_media":0,"parent":0,"menu_order":0,"comment_status":"closed","ping_status":"closed","template":"","meta":[],"yoast_head":"<!-- This site is optimized with the Yoast SEO plugin v15.7 - https:\/\/yoast.com\/wordpress\/plugins\/seo\/ -->\n<title>MyNextJob Rom\u00e2nia - DESPRE NOI - Portalul t\u0103u de joburi<\/title>\n<meta name=\"description\" content=\"Un nou fenomen pe pia\u021ba muncii din Rom\u00e2nia. MyNextJob \u00ee\u0219i propune s\u0103 devin\u0103 alegerea companiilor din Rom\u00e2nia \u00een c\u0103utare de angaja\u021bi de top.\" \/>\n<meta name=\"robots\" content=\"index, follow, max-snippet:-1, max-image-preview:large, max-video-preview:-1\" \/>\n<link rel=\"canonical\" href=\"https:\/\/www.mynextjob.ro\/blog\/despre-noi\/\" \/>\n<meta property=\"og:locale\" content=\"ro_RO\" \/>\n<meta property=\"og:type\" content=\"article\" \/>\n<meta property=\"og:title\" content=\"MyNextJob Rom\u00e2nia - DESPRE NOI - Portalul t\u0103u de joburi\" \/>\n<meta property=\"og:description\" content=\"Un nou fenomen pe pia\u021ba muncii din Rom\u00e2nia. MyNextJob \u00ee\u0219i propune s\u0103 devin\u0103 alegerea companiilor din Rom\u00e2nia \u00een c\u0103utare de angaja\u021bi de top.\" \/>\n<meta property=\"og:url\" content=\"https:\/\/www.mynextjob.ro\/blog\/despre-noi\/\" \/>\n<meta property=\"og:site_name\" content=\"Blog MyNextJob\" \/>\n<meta property=\"article:publisher\" content=\"https:\/\/www.facebook.com\/mynextjobro\" \/>\n<meta property=\"article:modified_time\" content=\"2020-10-11T02:57:53+00:00\" \/>\n<meta property=\"og:image\" content=\"https:\/\/www.mynextjob.ro\/blog\/wp-content\/uploads\/2020\/09\/Untitled-design.png\" \/>\n<meta name=\"twitter:card\" content=\"summary_large_image\" \/>\n<meta name=\"twitter:label1\" content=\"Timp estimat pentru citire\">\n\t<meta name=\"twitter:data1\" content=\"3 minute\">\n<script type=\"application\/ld+json\" class=\"yoast-schema-graph\">{\"@context\":\"https:\/\/schema.org\",\"@graph\":[{\"@type\":\"WebSite\",\"@id\":\"https:\/\/www.mynextjob.ro\/blog\/#website\",\"url\":\"https:\/\/www.mynextjob.ro\/blog\/\",\"name\":\"Blog MyNextJob\",\"description\":\"by MyNextJob Rom\\u00e2nia\",\"potentialAction\":[{\"@type\":\"SearchAction\",\"target\":\"https:\/\/www.mynextjob.ro\/blog\/?s={search_term_string}\",\"query-input\":\"required name=search_term_string\"}],\"inLanguage\":\"ro-RO\"},{\"@type\":\"ImageObject\",\"@id\":\"https:\/\/www.mynextjob.ro\/blog\/despre-noi\/#primaryimage\",\"inLanguage\":\"ro-RO\",\"url\":\"https:\/\/www.mynextjob.ro\/blog\/wp-content\/uploads\/2020\/09\/Untitled-design.png\",\"width\":800,\"height\":534},{\"@type\":\"WebPage\",\"@id\":\"https:\/\/www.mynextjob.ro\/blog\/despre-noi\/#webpage\",\"url\":\"https:\/\/www.mynextjob.ro\/blog\/despre-noi\/\",\"name\":\"MyNextJob Rom\\u00e2nia - DESPRE NOI - Portalul t\\u0103u de joburi\",\"isPartOf\":{\"@id\":\"https:\/\/www.mynextjob.ro\/blog\/#website\"},\"primaryImageOfPage\":{\"@id\":\"https:\/\/www.mynextjob.ro\/blog\/despre-noi\/#primaryimage\"},\"datePublished\":\"2020-09-08T03:28:19+00:00\",\"dateModified\":\"2020-10-11T02:57:53+00:00\",\"description\":\"Un nou fenomen pe pia\\u021ba muncii din Rom\\u00e2nia. MyNextJob \\u00ee\\u0219i propune s\\u0103 devin\\u0103 alegerea companiilor din Rom\\u00e2nia \\u00een c\\u0103utare de angaja\\u021bi de top.\",\"inLanguage\":\"ro-RO\",\"potentialAction\":[{\"@type\":\"ReadAction\",\"target\":[\"https:\/\/www.mynextjob.ro\/blog\/despre-noi\/\"]}]}]}<\/script>\n<!-- \/ Yoast SEO plugin. -->","_links":{"self":[{"href":"https:\/\/www.mynextjob.ro\/blog\/wp-json\/wp\/v2\/pages\/226"}],"collection":[{"href":"https:\/\/www.mynextjob.ro\/blog\/wp-json\/wp\/v2\/pages"}],"about":[{"href":"https:\/\/www.mynextjob.ro\/blog\/wp-json\/wp\/v2\/types\/page"}],"author":[{"embeddable":true,"href":"https:\/\/www.mynextjob.ro\/blog\/wp-json\/wp\/v2\/users\/1"}],"replies":[{"embeddable":true,"href":"https:\/\/www.mynextjob.ro\/blog\/wp-json\/wp\/v2\/comments?post=226"}],"version-history":[{"count":30,"href":"https:\/\/www.mynextjob.ro\/blog\/wp-json\/wp\/v2\/pages\/226\/revisions"}],"predecessor-version":[{"id":274,"href":"https:\/\/www.mynextjob.ro\/blog\/wp-json\/wp\/v2\/pages\/226\/revisions\/274"}],"wp:attachment":[{"href":"https:\/\/www.mynextjob.ro\/blog\/wp-json\/wp\/v2\/media?parent=226"}],"curies":[{"name":"wp","href":"https:\/\/api.w.org\/{rel}","templated":true}]}}